{"id":148,"date":"2024-02-19T12:34:39","date_gmt":"2024-02-19T12:34:39","guid":{"rendered":"https:\/\/campusdavorcutura.com\/?page_id=148"},"modified":"2025-03-31T09:44:41","modified_gmt":"2025-03-31T09:44:41","slug":"gracias","status":"publish","type":"page","link":"https:\/\/campusdavorcutura.com\/index.php\/gracias\/","title":{"rendered":"Gracias"},"content":{"rendered":"<p>[et_pb_section fb_built=\u00bb1&#8243; _builder_version=\u00bb4.20.4&#8243; _module_preset=\u00bbdefault\u00bb global_colors_info=\u00bb{}\u00bb][et_pb_row _builder_version=\u00bb4.20.4&#8243; _module_preset=\u00bbdefault\u00bb global_colors_info=\u00bb{}\u00bb][et_pb_column type=\u00bb4_4&#8243; _builder_version=\u00bb4.20.4&#8243; _module_preset=\u00bbdefault\u00bb global_colors_info=\u00bb{}\u00bb][et_pb_text _builder_version=\u00bb4.27.4&#8243; _module_preset=\u00bbdefault\u00bb text_font_size=\u00bb20px\u00bb header_font_size=\u00bb42px\u00bb header_2_font_size=\u00bb21px\u00bb hover_enabled=\u00bb0&#8243; global_colors_info=\u00bb{}\u00bb sticky_enabled=\u00bb0&#8243;]<\/p>\n<h1><strong>Muchas gracias por su confianza en este proyecto.<\/strong><\/h1>\n<h2><span style=\"color: #ff0000;\"><strong>Hemos recibido correctamente los datos de reserva de plaza para el Campus Davor cutura 2025.<\/strong><\/span><\/h2>\n<p>Al realizar la inscripci\u00f3n, recibir\u00e1n un mail de confirmaci\u00f3n de recepci\u00f3n de los datos. A continuaci\u00f3n, deben realizar una transferencia de 495\u20ac, o 450\u20ac en el caso de alumnos\/as hermanos\/as, al n\u00famero de cuenta:<\/p>\n<p>ES42 2100 1454 7102 0024 5617 de CaixaBank.<\/p>\n<p>En el CONCEPTO, pongan el nombre del Alumno\/a.<\/p>\n<p>Una vez realizado el pago, nos env\u00edan el justificante por correo electr\u00f3nico y nosotros les confirmaremos la inscripci\u00f3n.<\/p>\n<p>El formato de Campus ser\u00e1 entrenamiento, actividades extradeportivas, balonmano playa, surf, laser tag, fiesta despedida&#8230;<\/p>\n<p>&nbsp;<\/p>\n<p>Las incripciones de m\u00e1s de 5 jugadores a la vez se cobrar\u00e1n como precio hermanos:450\u20ac<\/p>\n<p>[\/et_pb_text][\/et_pb_column][\/et_pb_row][\/et_pb_section]<\/p>\n","protected":false},"excerpt":{"rendered":"<p>Muchas gracias por su confianza en este proyecto. Hemos recibido correctamente los datos de reserva de plaza para el Campus Davor cutura 2025. Al realizar la inscripci\u00f3n, recibir\u00e1n un mail de confirmaci\u00f3n de recepci\u00f3n de los datos. A continuaci\u00f3n, deben realizar una transferencia de 495\u20ac, o 450\u20ac en el caso de alumnos\/as hermanos\/as, al n\u00famero [&hellip;]<\/p>\n","protected":false},"author":1,"featured_media":0,"parent":0,"menu_order":0,"comment_status":"closed","ping_status":"closed","template":"","meta":{"_et_pb_use_builder":"on","_et_pb_old_content":"","_et_gb_content_width":"","footnotes":""},"class_list":["post-148","page","type-page","status-publish","hentry"],"_links":{"self":[{"href":"https:\/\/campusdavorcutura.com\/index.php\/wp-json\/wp\/v2\/pages\/148","targetHints":{"allow":["GET"]}}],"collection":[{"href":"https:\/\/campusdavorcutura.com\/index.php\/wp-json\/wp\/v2\/pages"}],"about":[{"href":"https:\/\/campusdavorcutura.com\/index.php\/wp-json\/wp\/v2\/types\/page"}],"author":[{"embeddable":true,"href":"https:\/\/campusdavorcutura.com\/index.php\/wp-json\/wp\/v2\/users\/1"}],"replies":[{"embeddable":true,"href":"https:\/\/campusdavorcutura.com\/index.php\/wp-json\/wp\/v2\/comments?post=148"}],"version-history":[{"count":5,"href":"https:\/\/campusdavorcutura.com\/index.php\/wp-json\/wp\/v2\/pages\/148\/revisions"}],"predecessor-version":[{"id":212,"href":"https:\/\/campusdavorcutura.com\/index.php\/wp-json\/wp\/v2\/pages\/148\/revisions\/212"}],"wp:attachment":[{"href":"https:\/\/campusdavorcutura.com\/index.php\/wp-json\/wp\/v2\/media?parent=148"}],"curies":[{"name":"wp","href":"https:\/\/api.w.org\/{rel}","templated":true}]}}