{"id":352,"date":"2026-04-13T15:23:51","date_gmt":"2026-04-13T15:23:51","guid":{"rendered":"https:\/\/campusdavorcutura.com\/?page_id=352"},"modified":"2026-04-19T17:58:27","modified_gmt":"2026-04-19T15:58:27","slug":"inscripcion","status":"publish","type":"page","link":"https:\/\/campusdavorcutura.com\/index.php\/inscripcion\/","title":{"rendered":"Inscripci\u00f3n"},"content":{"rendered":"<p>[et_pb_section fb_built=\u00bb1&#8243; _builder_version=\u00bb4.27.4&#8243; _module_preset=\u00bbdefault\u00bb global_colors_info=\u00bb{}\u00bb][et_pb_row _builder_version=\u00bb4.27.4&#8243; _module_preset=\u00bbdefault\u00bb global_colors_info=\u00bb{}\u00bb][et_pb_column type=\u00bb4_4&#8243; _builder_version=\u00bb4.27.4&#8243; _module_preset=\u00bbdefault\u00bb global_colors_info=\u00bb{}\u00bb][et_pb_heading title=\u00bbFormulario de inscripci\u00f3n\u00bb _builder_version=\u00bb4.27.4&#8243; _module_preset=\u00bbdefault\u00bb global_colors_info=\u00bb{}\u00bb][\/et_pb_heading][et_pb_text _builder_version=\u00bb4.27.4&#8243; _module_preset=\u00bbdefault\u00bb global_colors_info=\u00bb{}\u00bb]<\/p>\n<p>Por favor, rellena el siguiente formulario para tramitar tu inscripci\u00f3n. Una vez enviado se abrir\u00e1 autom\u00e1ticamente la pasarela de pago seguro para proceder al pago de la reserva de plaza (200\u20ac)<\/p>\n<p>[\/et_pb_text][\/et_pb_column][\/et_pb_row][et_pb_row column_structure=\u00bb3_5,2_5&#8243; _builder_version=\u00bb4.27.4&#8243; _module_preset=\u00bbdefault\u00bb global_colors_info=\u00bb{}\u00bb][et_pb_column type=\u00bb3_5&#8243; _builder_version=\u00bb4.27.4&#8243; _module_preset=\u00bbdefault\u00bb global_colors_info=\u00bb{}\u00bb][et_pb_image src=\u00bbhttps:\/\/campusdavorcutura.com\/wp-content\/uploads\/2026\/04\/cartel_campus26.jpg\u00bb title_text=\u00bbcartel_campus26&#8243; _builder_version=\u00bb4.27.4&#8243; _module_preset=\u00bbdefault\u00bb custom_padding=\u00bb|62px||||\u00bb global_colors_info=\u00bb{}\u00bb][\/et_pb_image][\/et_pb_column][et_pb_column type=\u00bb2_5&#8243; _builder_version=\u00bb4.27.4&#8243; _module_preset=\u00bbdefault\u00bb global_colors_info=\u00bb{}\u00bb][et_pb_code _builder_version=\u00bb4.27.4&#8243; _module_preset=\u00bbdefault\u00bb custom_margin=\u00bb|||-73px||\u00bb global_colors_info=\u00bb{}\u00bb]<div class='fluentform ff-default fluentform_wrapper_3 ffs_default_wrap'><form data-form_id=\"3\" id=\"fluentform_3\" class=\"frm-fluent-form fluent_form_3 ff-el-form-top ff_form_instance_3_1 ff-form-loading ffs_default\" data-form_instance=\"ff_form_instance_3_1\" method=\"POST\" ><fieldset  style=\"border: none!important;margin: 0!important;padding: 0!important;background-color: transparent!important;box-shadow: none!important;outline: none!important; min-inline-size: 100%;\">\n                    <legend class=\"ff_screen_reader_title\" style=\"display: block; margin: 0!important;padding: 0!important;height: 0!important;text-indent: -999999px;width: 0!important;overflow:hidden;\">Inscripcion<\/legend><input type='hidden' name='__fluent_form_embded_post_id' value='352' \/><input type=\"hidden\" id=\"_fluentform_3_fluentformnonce\" name=\"_fluentform_3_fluentformnonce\" value=\"b7e0993c70\" \/><input type=\"hidden\" name=\"_wp_http_referer\" value=\"\/index.php\/wp-json\/wp\/v2\/pages\/352\" \/><div class='ff-el-group'><div class=\"ff-el-input--label ff-el-is-required asterisk-right\"><label for='ff_3_dni' id='label_ff_3_dni' aria-label=\"DNI:\">DNI:<\/label><\/div><div class='ff-el-input--content'><input type=\"text\" name=\"dni\" class=\"ff-el-form-control\" data-name=\"dni\" id=\"ff_3_dni\"  aria-invalid=\"false\" aria-required=true><\/div><\/div><div class='ff-el-group'><div class=\"ff-el-input--label ff-el-is-required asterisk-right\"><label for='ff_3_nombre' id='label_ff_3_nombre' aria-label=\"Nombre y apellidos:\">Nombre y apellidos:<\/label><\/div><div class='ff-el-input--content'><input type=\"text\" name=\"nombre\" class=\"ff-el-form-control\" data-name=\"nombre\" id=\"ff_3_nombre\"  aria-invalid=\"false\" aria-required=true><\/div><\/div><div class='ff-el-group ff-el-form-top'><div class=\"ff-el-input--label ff-el-is-required asterisk-right\"><label for='ff_3_fecha_nacimiento' id='label_ff_3_fecha_nacimiento' aria-label=\"Fecha de Nacimiento\">Fecha de Nacimiento<\/label><\/div><div class='ff-el-input--content'><input  aria-label='Fecha de Nacimiento Usa las flechas para navegar por las fechas. Pulsa Intro para seleccionar una fecha.'  aria-haspopup='dialog' data-type-datepicker data-format='d\/m\/Y' type=\"text\" name=\"fecha_nacimiento\" id=\"ff_3_fecha_nacimiento\" class=\"ff-el-form-control ff-el-datepicker\" data-name=\"fecha_nacimiento\"  aria-invalid='false' aria-required=true><\/div><\/div><div class='ff-el-group'><div class=\"ff-el-input--label ff-el-is-required asterisk-right\"><label for='ff_3_alergias' id='label_ff_3_alergias' aria-label=\"Alergias:\">Alergias:<\/label><\/div><div class='ff-el-input--content'><input type=\"text\" name=\"alergias\" class=\"ff-el-form-control\" data-name=\"alergias\" id=\"ff_3_alergias\"  aria-invalid=\"false\" aria-required=true><\/div><\/div><div class='ff-el-group'><div class=\"ff-el-input--label ff-el-is-required asterisk-right\"><label for='ff_3_talla' id='label_ff_3_talla' aria-label=\"Talla de equipaci\u00f3n\">Talla de equipaci\u00f3n<\/label><\/div><div class='ff-el-input--content'><select name=\"talla\" id=\"ff_3_talla\" class=\"ff-el-form-control\" data-name=\"talla\" data-calc_value=\"0\"  aria-invalid=\"false\" aria-required=\"true\" aria-labelledby=\"label_ff_3_talla\"><option value=\"\">- Selecciona la talla -<\/option><option value=\"XS\"  >XS<\/option><option value=\"S\"  >S<\/option><option value=\"M\"  >M<\/option><option value=\"XL\"  >XL<\/option><option value=\"XXL\"  >XXL<\/option><\/select><\/div><\/div><div class='ff-el-group'><div class=\"ff-el-input--label ff-el-is-required asterisk-right\"><label for='ff_3_posicion' id='label_ff_3_posicion' aria-label=\"Posici\u00f3n de juego:\">Posici\u00f3n de juego:<\/label><\/div><div class='ff-el-input--content'><select name=\"posicion[]\" id=\"ff_3_posicion\" class=\"ff-el-form-control  ff_has_multi_select\" multiple=\"1\" data-name=\"posicion\" data-calc_value=\"0\"  aria-invalid=\"false\" aria-required=\"true\" aria-labelledby=\"label_ff_3_posicion\"><option value=\"Portero\"  >Portero<\/option><option value=\"Extremo\"  >Extremo<\/option><option value=\"Lateral\"  >Lateral<\/option><option value=\"Central\"  >Central<\/option><option value=\"Pivote\"  >Pivote<\/option><\/select><\/div><\/div><div class='ff-el-group'><div class=\"ff-el-input--label asterisk-right\"><label for='ff_3_telefono' id='label_ff_3_telefono' aria-label=\"Tel\u00e9fono\">Tel\u00e9fono<\/label><\/div><div class='ff-el-input--content'><input type=\"text\" name=\"telefono\" class=\"ff-el-form-control\" data-name=\"telefono\" id=\"ff_3_telefono\"  aria-invalid=\"false\" aria-required=false><\/div><\/div><div class='ff-el-group'><div class=\"ff-el-input--label ff-el-is-required asterisk-right\"><label for='ff_3_email' id='label_ff_3_email' aria-label=\"Correo electr\u00f3nico\">Correo electr\u00f3nico<\/label><\/div><div class='ff-el-input--content'><input type=\"email\" name=\"email\" id=\"ff_3_email\" class=\"ff-el-form-control\" data-name=\"email\"  aria-invalid=\"false\" aria-required=true><\/div><\/div><div class='ff-el-group'><div class=\"ff-el-input--label asterisk-right\"><label for='ff_3_club' id='label_ff_3_club' aria-label=\"Club\">Club<\/label><\/div><div class='ff-el-input--content'><input type=\"text\" name=\"club\" class=\"ff-el-form-control\" data-name=\"club\" id=\"ff_3_club\"  aria-invalid=\"false\" aria-required=false><\/div><\/div><div class='ff-el-group ' ><div class='ff-el-input--content'><div data-fluent_id='3' name='g-recaptcha-response'><div\n\t\tdata-sitekey='6Le9zrwsAAAAABFrnY_m9726ivaZiMEoHitn1K0A'\n\t\tid='fluentform-recaptcha-3-1'\n\t\tclass='ff-el-recaptcha g-recaptcha'\n\t\tdata-callback='fluentFormrecaptchaSuccessCallback'><\/div><\/div><\/div><\/div><div class='ff-el-group ff-text-center ff_submit_btn_wrapper'><button type=\"submit\" class=\"ff-btn ff-btn-submit ff-btn-md ff_btn_style\"  aria-label=\"Enviar inscripci\u00f3n\">Enviar inscripci\u00f3n<\/button><\/div><\/fieldset><\/form><div id='fluentform_3_errors' class='ff-errors-in-stack ff_form_instance_3_1 ff-form-loading_errors ff_form_instance_3_1_errors'><\/div><\/div>            <script type=\"text\/javascript\">\n                window.fluent_form_ff_form_instance_3_1 = {\"id\":\"3\",\"settings\":{\"layout\":{\"labelPlacement\":\"top\",\"asteriskPlacement\":\"asterisk-right\",\"helpMessagePlacement\":\"with_label\",\"errorMessagePlacement\":\"inline\",\"cssClassName\":\"\"},\"restrictions\":{\"denyEmptySubmission\":{\"enabled\":false}}},\"form_instance\":\"ff_form_instance_3_1\",\"form_id_selector\":\"fluentform_3\",\"rules\":{\"dni\":{\"required\":{\"value\":true,\"message\":\"Este campo es obligatorio\",\"global_message\":\"Este campo es obligatorio\",\"global\":true}},\"nombre\":{\"required\":{\"value\":true,\"message\":\"Este campo es obligatorio\",\"global_message\":\"Este campo es obligatorio\",\"global\":true}},\"fecha_nacimiento\":{\"required\":{\"value\":true,\"message\":\"Este campo es obligatorio\",\"global_message\":\"Este campo es obligatorio\",\"global\":true}},\"alergias\":{\"required\":{\"value\":true,\"message\":\"Este campo es obligatorio\",\"global_message\":\"Este campo es obligatorio\",\"global\":true}},\"talla\":{\"required\":{\"value\":true,\"message\":\"La talla es obligatoria\",\"global\":false,\"global_message\":\"Este campo es obligatorio\"}},\"posicion\":{\"required\":{\"value\":true,\"message\":\"Este campo es obligatorio\",\"global_message\":\"Este campo es obligatorio\",\"global\":true}},\"telefono\":{\"required\":{\"value\":false,\"message\":\"Este campo es obligatorio\",\"global_message\":\"Este campo es obligatorio\",\"global\":true}},\"email\":{\"required\":{\"value\":true,\"message\":\"Email field is required\",\"global\":false,\"global_message\":\"Este campo es obligatorio\"},\"email\":{\"value\":true,\"message\":\"Este campo debe contener un correo electr\\u00f3nico v\\u00e1lido\",\"global\":true,\"global_message\":\"Este campo debe contener un correo electr\\u00f3nico v\\u00e1lido\"}},\"club\":{\"required\":{\"value\":false,\"message\":\"Este campo es obligatorio\",\"global_message\":\"Este campo es obligatorio\",\"global\":true}},\"g-recaptcha-response\":[]},\"debounce_time\":300};\n                            <\/script>\n            [\/et_pb_code][\/et_pb_column][\/et_pb_row][\/et_pb_section][et_pb_section fb_built=\u00bb1&#8243; _builder_version=\u00bb4.27.4&#8243; _module_preset=\u00bbdefault\u00bb global_colors_info=\u00bb{}\u00bb][\/et_pb_section]<\/p>\n","protected":false},"excerpt":{"rendered":"<p>Por favor, rellena el siguiente formulario para tramitar tu inscripci\u00f3n. Una vez enviado se abrir\u00e1 autom\u00e1ticamente la pasarela de pago seguro para proceder al pago de la reserva de plaza (200\u20ac)<div class='fluentform ff-default fluentform_wrapper_3 ffs_default_wrap'><form data-form_id=\"3\" id=\"fluentform_3\" class=\"frm-fluent-form fluent_form_3 ff-el-form-top ff_form_instance_3_2 ff-form-loading ffs_default\" data-form_instance=\"ff_form_instance_3_2\" method=\"POST\" ><fieldset  style=\"border: none!important;margin: 0!important;padding: 0!important;background-color: transparent!important;box-shadow: none!important;outline: none!important; min-inline-size: 100%;\">\n                    <legend class=\"ff_screen_reader_title\" style=\"display: block; margin: 0!important;padding: 0!important;height: 0!important;text-indent: -999999px;width: 0!important;overflow:hidden;\">Inscripcion<\/legend><input type='hidden' name='__fluent_form_embded_post_id' value='352' \/><input type=\"hidden\" id=\"_fluentform_3_fluentformnonce\" name=\"_fluentform_3_fluentformnonce\" value=\"b7e0993c70\" \/><input type=\"hidden\" name=\"_wp_http_referer\" value=\"\/index.php\/wp-json\/wp\/v2\/pages\/352\" \/><div class='ff-el-group'><div class=\"ff-el-input--label ff-el-is-required asterisk-right\"><label for='ff_3_2_dni' id='label_ff_3_2_dni' aria-label=\"DNI:\">DNI:<\/label><\/div><div class='ff-el-input--content'><input type=\"text\" name=\"dni\" class=\"ff-el-form-control\" data-name=\"dni\" id=\"ff_3_2_dni\"  aria-invalid=\"false\" aria-required=true><\/div><\/div><div class='ff-el-group'><div class=\"ff-el-input--label ff-el-is-required asterisk-right\"><label for='ff_3_2_nombre' id='label_ff_3_2_nombre' aria-label=\"Nombre y apellidos:\">Nombre y apellidos:<\/label><\/div><div class='ff-el-input--content'><input type=\"text\" name=\"nombre\" class=\"ff-el-form-control\" data-name=\"nombre\" id=\"ff_3_2_nombre\"  aria-invalid=\"false\" aria-required=true><\/div><\/div><div class='ff-el-group ff-el-form-top'><div class=\"ff-el-input--label ff-el-is-required asterisk-right\"><label for='ff_3_2_fecha_nacimiento' id='label_ff_3_2_fecha_nacimiento' aria-label=\"Fecha de Nacimiento\">Fecha de Nacimiento<\/label><\/div><div class='ff-el-input--content'><input  aria-label='Fecha de Nacimiento Usa las flechas para navegar por las fechas. Pulsa Intro para seleccionar una fecha.'  aria-haspopup='dialog' data-type-datepicker data-format='d\/m\/Y' type=\"text\" name=\"fecha_nacimiento\" id=\"ff_3_2_fecha_nacimiento\" class=\"ff-el-form-control ff-el-datepicker\" data-name=\"fecha_nacimiento\"  aria-invalid='false' aria-required=true><\/div><\/div><div class='ff-el-group'><div class=\"ff-el-input--label ff-el-is-required asterisk-right\"><label for='ff_3_2_alergias' id='label_ff_3_2_alergias' aria-label=\"Alergias:\">Alergias:<\/label><\/div><div class='ff-el-input--content'><input type=\"text\" name=\"alergias\" class=\"ff-el-form-control\" data-name=\"alergias\" id=\"ff_3_2_alergias\"  aria-invalid=\"false\" aria-required=true><\/div><\/div><div class='ff-el-group'><div class=\"ff-el-input--label ff-el-is-required asterisk-right\"><label for='ff_3_2_talla' id='label_ff_3_2_talla' aria-label=\"Talla de equipaci\u00f3n\">Talla de equipaci\u00f3n<\/label><\/div><div class='ff-el-input--content'><select name=\"talla\" id=\"ff_3_2_talla\" class=\"ff-el-form-control\" data-name=\"talla\" data-calc_value=\"0\"  aria-invalid=\"false\" aria-required=\"true\" aria-labelledby=\"label_ff_3_2_talla\"><option value=\"\">- Selecciona la talla -<\/option><option value=\"XS\"  >XS<\/option><option value=\"S\"  >S<\/option><option value=\"M\"  >M<\/option><option value=\"XL\"  >XL<\/option><option value=\"XXL\"  >XXL<\/option><\/select><\/div><\/div><div class='ff-el-group'><div class=\"ff-el-input--label ff-el-is-required asterisk-right\"><label for='ff_3_2_posicion' id='label_ff_3_2_posicion' aria-label=\"Posici\u00f3n de juego:\">Posici\u00f3n de juego:<\/label><\/div><div class='ff-el-input--content'><select name=\"posicion[]\" id=\"ff_3_2_posicion\" class=\"ff-el-form-control  ff_has_multi_select\" multiple=\"1\" data-name=\"posicion\" data-calc_value=\"0\"  aria-invalid=\"false\" aria-required=\"true\" aria-labelledby=\"label_ff_3_2_posicion\"><option value=\"Portero\"  >Portero<\/option><option value=\"Extremo\"  >Extremo<\/option><option value=\"Lateral\"  >Lateral<\/option><option value=\"Central\"  >Central<\/option><option value=\"Pivote\"  >Pivote<\/option><\/select><\/div><\/div><div class='ff-el-group'><div class=\"ff-el-input--label asterisk-right\"><label for='ff_3_2_telefono' id='label_ff_3_2_telefono' aria-label=\"Tel\u00e9fono\">Tel\u00e9fono<\/label><\/div><div class='ff-el-input--content'><input type=\"text\" name=\"telefono\" class=\"ff-el-form-control\" data-name=\"telefono\" id=\"ff_3_2_telefono\"  aria-invalid=\"false\" aria-required=false><\/div><\/div><div class='ff-el-group'><div class=\"ff-el-input--label ff-el-is-required asterisk-right\"><label for='ff_3_2_email' id='label_ff_3_2_email' aria-label=\"Correo electr\u00f3nico\">Correo electr\u00f3nico<\/label><\/div><div class='ff-el-input--content'><input type=\"email\" name=\"email\" id=\"ff_3_2_email\" class=\"ff-el-form-control\" data-name=\"email\"  aria-invalid=\"false\" aria-required=true><\/div><\/div><div class='ff-el-group'><div class=\"ff-el-input--label asterisk-right\"><label for='ff_3_2_club' id='label_ff_3_2_club' aria-label=\"Club\">Club<\/label><\/div><div class='ff-el-input--content'><input type=\"text\" name=\"club\" class=\"ff-el-form-control\" data-name=\"club\" id=\"ff_3_2_club\"  aria-invalid=\"false\" aria-required=false><\/div><\/div><div class='ff-el-group ' ><div class='ff-el-input--content'><div data-fluent_id='3' name='g-recaptcha-response'><div\n\t\tdata-sitekey='6Le9zrwsAAAAABFrnY_m9726ivaZiMEoHitn1K0A'\n\t\tid='fluentform-recaptcha-3-2'\n\t\tclass='ff-el-recaptcha g-recaptcha'\n\t\tdata-callback='fluentFormrecaptchaSuccessCallback'><\/div><\/div><\/div><\/div><div class='ff-el-group ff-text-center ff_submit_btn_wrapper'><button type=\"submit\" class=\"ff-btn ff-btn-submit ff-btn-md ff_btn_style\"  aria-label=\"Enviar inscripci\u00f3n\">Enviar inscripci\u00f3n<\/button><\/div><\/fieldset><\/form><div id='fluentform_3_errors' class='ff-errors-in-stack ff_form_instance_3_2 ff-form-loading_errors ff_form_instance_3_2_errors'><\/div><\/div>            <script type=\"text\/javascript\">\n                window.fluent_form_ff_form_instance_3_2 = {\"id\":\"3\",\"settings\":{\"layout\":{\"labelPlacement\":\"top\",\"asteriskPlacement\":\"asterisk-right\",\"helpMessagePlacement\":\"with_label\",\"errorMessagePlacement\":\"inline\",\"cssClassName\":\"\"},\"restrictions\":{\"denyEmptySubmission\":{\"enabled\":false}}},\"form_instance\":\"ff_form_instance_3_2\",\"form_id_selector\":\"fluentform_3\",\"rules\":{\"dni\":{\"required\":{\"value\":true,\"message\":\"Este campo es obligatorio\",\"global_message\":\"Este campo es obligatorio\",\"global\":true}},\"nombre\":{\"required\":{\"value\":true,\"message\":\"Este campo es obligatorio\",\"global_message\":\"Este campo es obligatorio\",\"global\":true}},\"fecha_nacimiento\":{\"required\":{\"value\":true,\"message\":\"Este campo es obligatorio\",\"global_message\":\"Este campo es obligatorio\",\"global\":true}},\"alergias\":{\"required\":{\"value\":true,\"message\":\"Este campo es obligatorio\",\"global_message\":\"Este campo es obligatorio\",\"global\":true}},\"talla\":{\"required\":{\"value\":true,\"message\":\"La talla es obligatoria\",\"global\":false,\"global_message\":\"Este campo es obligatorio\"}},\"posicion\":{\"required\":{\"value\":true,\"message\":\"Este campo es obligatorio\",\"global_message\":\"Este campo es obligatorio\",\"global\":true}},\"telefono\":{\"required\":{\"value\":false,\"message\":\"Este campo es obligatorio\",\"global_message\":\"Este campo es obligatorio\",\"global\":true}},\"email\":{\"required\":{\"value\":true,\"message\":\"Email field is required\",\"global\":false,\"global_message\":\"Este campo es obligatorio\"},\"email\":{\"value\":true,\"message\":\"Este campo debe contener un correo electr\\u00f3nico v\\u00e1lido\",\"global\":true,\"global_message\":\"Este campo debe contener un correo electr\\u00f3nico v\\u00e1lido\"}},\"club\":{\"required\":{\"value\":false,\"message\":\"Este campo es obligatorio\",\"global_message\":\"Este campo es obligatorio\",\"global\":true}},\"g-recaptcha-response\":[]},\"debounce_time\":300};\n                            <\/script>\n            <\/p>\n","protected":false},"author":5,"featured_media":0,"parent":0,"menu_order":0,"comment_status":"closed","ping_status":"closed","template":"","meta":{"_et_pb_use_builder":"on","_et_pb_old_content":"","_et_gb_content_width":"","footnotes":""},"class_list":["post-352","page","type-page","status-publish","hentry"],"_links":{"self":[{"href":"https:\/\/campusdavorcutura.com\/index.php\/wp-json\/wp\/v2\/pages\/352","targetHints":{"allow":["GET"]}}],"collection":[{"href":"https:\/\/campusdavorcutura.com\/index.php\/wp-json\/wp\/v2\/pages"}],"about":[{"href":"https:\/\/campusdavorcutura.com\/index.php\/wp-json\/wp\/v2\/types\/page"}],"author":[{"embeddable":true,"href":"https:\/\/campusdavorcutura.com\/index.php\/wp-json\/wp\/v2\/users\/5"}],"replies":[{"embeddable":true,"href":"https:\/\/campusdavorcutura.com\/index.php\/wp-json\/wp\/v2\/comments?post=352"}],"version-history":[{"count":14,"href":"https:\/\/campusdavorcutura.com\/index.php\/wp-json\/wp\/v2\/pages\/352\/revisions"}],"predecessor-version":[{"id":414,"href":"https:\/\/campusdavorcutura.com\/index.php\/wp-json\/wp\/v2\/pages\/352\/revisions\/414"}],"wp:attachment":[{"href":"https:\/\/campusdavorcutura.com\/index.php\/wp-json\/wp\/v2\/media?parent=352"}],"curies":[{"name":"wp","href":"https:\/\/api.w.org\/{rel}","templated":true}]}}