{"id":51,"date":"2023-06-27T15:59:20","date_gmt":"2023-06-27T15:59:20","guid":{"rendered":"https:\/\/campusdavorcutura.com\/?page_id=51"},"modified":"2026-04-20T20:36:33","modified_gmt":"2026-04-20T18:36:33","slug":"el-campus","status":"publish","type":"page","link":"https:\/\/campusdavorcutura.com\/index.php\/el-campus\/","title":{"rendered":"El campus"},"content":{"rendered":"<p>[et_pb_section fb_built=\u00bb1&#8243; admin_label=\u00bbHeader\u00bb _builder_version=\u00bb4.27.4&#8243; _module_preset=\u00bbdefault\u00bb collapsed=\u00bbon\u00bb global_colors_info=\u00bb{}\u00bb][et_pb_row _builder_version=\u00bb4.27.4&#8243; _module_preset=\u00bbdefault\u00bb custom_margin=\u00bb-38px|auto||auto||\u00bb global_colors_info=\u00bb{}\u00bb][et_pb_column type=\u00bb4_4&#8243; _builder_version=\u00bb4.20.0&#8243; _module_preset=\u00bbdefault\u00bb global_colors_info=\u00bb{}\u00bb][et_pb_text _builder_version=\u00bb4.20.4&#8243; _module_preset=\u00bb245cf7be-2ad9-4745-86be-31b54d69b3fb\u00bb custom_margin=\u00bb||-24px|||\u00bb inline_fonts=\u00bbAbril Fatface\u00bb global_colors_info=\u00bb{}\u00bb]<\/p>\n<h1><span style=\"font-family: Abril Fatface; font-weight: normal; font-size: xx-large;\">INFORMACI\u00d3N\u00a0 CAMPUS 2026\u00a0<\/span><\/h1>\n<p>[\/et_pb_text][\/et_pb_column][\/et_pb_row][et_pb_row _builder_version=\u00bb4.27.4&#8243; _module_preset=\u00bbdefault\u00bb custom_padding=\u00bb6px|||||\u00bb global_colors_info=\u00bb{}\u00bb][et_pb_column type=\u00bb4_4&#8243; _builder_version=\u00bb4.27.4&#8243; _module_preset=\u00bbdefault\u00bb global_colors_info=\u00bb{}\u00bb][et_pb_text _builder_version=\u00bb4.27.4&#8243; _module_preset=\u00bbdefault\u00bb custom_padding=\u00bb3px|||||\u00bb global_colors_info=\u00bb{}\u00bb]<\/p>\n<p data-start=\"189\" data-end=\"294\">El campus cuenta con 70 plazas disponibles, que se asignar\u00e1n por orden de inscripci\u00f3n a trav\u00e9s de la web.<\/p>\n<p data-start=\"296\" data-end=\"535\">Para reservar la plaza ser\u00e1 necesario realizar un primer pago de 200 \u20ac. Una vez realizado, la inscripci\u00f3n quedar\u00e1 confirmada. El importe restante se abonar\u00e1 posteriormente mediante transferencia, en funci\u00f3n de si se aplica alg\u00fan descuento.<\/p>\n<p data-start=\"537\" data-end=\"703\">\ud83d\udcc5 El campus se celebrar\u00e1 del 5 al 11 de julio en el <a href=\"https:\/\/maps.app.goo.gl\/ExUJQwQnb4Y9fncj7\"><span class=\"hover:entity-accent entity-underline inline cursor-pointer align-baseline\"><span class=\"whitespace-normal\">Colegio Los Sauces Pontevedra<\/span><\/span><\/a> \ud83d\udccd.<br data-start=\"625\" data-end=\"628\" \/>La entrada ser\u00e1 el d\u00eda 5 a las 16:00 h y la salida el d\u00eda 11 a las 12:00 h.<\/p>\n<p data-start=\"705\" data-end=\"711\"><strong><\/strong><\/p>\n<p data-start=\"705\" data-end=\"711\"><strong>Precio: <\/strong>El precio del campus es de 500 \u20ac.<\/p>\n<p>Existe un precio reducido de 450 \u20ac en los siguientes casos:<\/p>\n<ul data-start=\"809\" data-end=\"915\">\n<li data-section-id=\"uie7qp\" data-start=\"809\" data-end=\"837\">Alumnos\/as de Los Sauces<\/li>\n<li data-section-id=\"mg3kjn\" data-start=\"838\" data-end=\"865\">Inscripci\u00f3n de hermanos<\/li>\n<li data-section-id=\"qrurye\" data-start=\"866\" data-end=\"915\">Grupos de 8 o m\u00e1s jugadores\/as del mismo club<\/li>\n<\/ul>\n<p data-start=\"917\" data-end=\"942\"><strong><\/strong><\/p>\n<p data-start=\"917\" data-end=\"942\"><strong>Alojamiento y manutenci\u00f3n<\/strong><\/p>\n<p data-start=\"944\" data-end=\"1124\">El campus se desarrolla en r\u00e9gimen de pensi\u00f3n completa en residencia. Las habitaciones est\u00e1n totalmente equipadas, aunque ser\u00e1 necesario traer toallas y productos de aseo personal. Se ofrecer\u00e1n dos servicios de lavander\u00eda durante la semana.<\/p>\n<p data-start=\"1187\" data-end=\"1359\">Las comidas se elaboran en el propio colegio, por lo que se tienen en cuenta alergias e intolerancias alimentarias. Solo ser\u00e1 necesario indicarlo en la hoja de inscripci\u00f3n.<\/p>\n<p data-start=\"1187\" data-end=\"1359\">\n<p data-start=\"1361\" data-end=\"1386\"><strong>Entrenamientos y material<\/strong><\/p>\n<p data-start=\"1388\" data-end=\"1543\">Se trata de un campus deportivo con entrenamientos y actividades dos veces al d\u00eda, por lo que recomendamos traer suficiente ropa deportiva y ropa interior.<\/p>\n<p data-start=\"1545\" data-end=\"1594\">Al inicio del campus, cada participante recibir\u00e1:<\/p>\n<ul data-start=\"1595\" data-end=\"1760\">\n<li data-section-id=\"1biilz9\" data-start=\"1595\" data-end=\"1606\">Mochila<\/li>\n<li data-section-id=\"j5r2hz\" data-start=\"1607\" data-end=\"1636\">Dos equipaciones de juego<\/li>\n<li data-section-id=\"18tgtkk\" data-start=\"1637\" data-end=\"1671\">Dos camisetas de entrenamiento<\/li>\n<li data-section-id=\"1lar2f3\" data-start=\"1672\" data-end=\"1734\">Un bal\u00f3n adaptado a su categor\u00eda para la pr\u00f3xima temporada<\/li>\n<li data-section-id=\"1v8gxd7\" data-start=\"1735\" data-end=\"1760\">Un bid\u00f3n reutilizable<\/li>\n<\/ul>\n<p data-start=\"1762\" data-end=\"1773\"><strong><\/strong><\/p>\n<p data-start=\"1762\" data-end=\"1773\"><strong>Actividades<\/strong><\/p>\n<p data-start=\"1775\" data-end=\"1900\">Adem\u00e1s del balonmano, durante la semana realizaremos diferentes actividades para que la experiencia sea completa y divertida:<\/p>\n<ul data-start=\"1901\" data-end=\"2097\">\n<li data-section-id=\"jg7lui\" data-start=\"1901\" data-end=\"1970\">Piscina (obligatorio llevar chanclas y gorro; recomendable gafas)<\/li>\n<li data-section-id=\"jvbsy9\" data-start=\"1971\" data-end=\"2026\">Actividades nocturnas con monitores de tiempo libre<\/li>\n<li data-section-id=\"ciw3kj\" data-start=\"2027\" data-end=\"2054\">Carreras de orientaci\u00f3n<\/li>\n<li data-section-id=\"1ffcwwj\" data-start=\"2055\" data-end=\"2068\">Laser tag<\/li>\n<li data-section-id=\"c4zce\" data-start=\"2069\" data-end=\"2088\">Balonmano playa<\/li>\n<li data-section-id=\"61kph6\" data-start=\"2089\" data-end=\"2097\">Surf<\/li>\n<\/ul>\n<p data-start=\"2099\" data-end=\"2113\"><strong><\/strong><\/p>\n<p data-start=\"2099\" data-end=\"2113\"><strong>Material recomendado<\/strong><\/p>\n<ul>\n<li><span>Tarjeta sanitaria (Nuestro seguro cubre accidentes deportivos, en caso de enfermedad com\u00fan, se atender\u00eda por la Seguridad Social)<\/span><\/li>\n<li><span>Rotulador permanente para marcar la ropa.<\/span><\/li>\n<li><span>Protector solar y After sun (aprovecharemos todo lo posible las instalaciones abiertas para realizar actividades al aire libre).<\/span><\/li>\n<li><span>Pasta de dientes y cepillo, gel y champ\u00fa para aseo diario.<\/span><\/li>\n<li><span>Linterna para juegos nocturnos.<\/span><\/li>\n<li><span>Chanclas (se remiendan dos pares, unas para ducha y otras para actividades acu\u00e1ticas, del tipo Crocs, con cierre en el tal\u00f3n para que no se suelten del pie).<\/span><\/li>\n<li><span>Toallas (para el ba\u00f1o y ducha, y otra para la playa).<\/span><\/li>\n<li><span>Ba\u00f1ador (todos los d\u00edas se ir\u00e1 a la piscina y, al menos, un d\u00eda a la playa).<\/span><\/li>\n<li><span>Gorro de piscina y gafas.<\/span><\/li>\n<li><span>Suficiente ropa interior para realizar dos entrenamientos al d\u00eda.<\/span><\/li>\n<li><span>Ropa de entrenamiento por si no se seca la que les damos en el Campus (camiseta y pantal\u00f3n corto)<\/span><\/li>\n<li><span>Ch\u00e1ndal completo para los d\u00edas que haga fr\u00edo, especialmente por la noche.<\/span><\/li>\n<li><span>Zapatillas deportivas (unas espec\u00edficas para pista y otras para actividades en el exterior).<\/span><\/li>\n<\/ul>\n<p data-start=\"2099\" data-end=\"2113\"><strong><\/strong><\/p>\n<p data-start=\"2099\" data-end=\"2113\"><strong><\/strong><\/p>\n<p data-start=\"2099\" data-end=\"2113\"><strong><\/strong><\/p>\n<p data-start=\"2099\" data-end=\"2113\"><strong>Salud y seguro<\/strong><\/p>\n<p data-start=\"2115\" data-end=\"2206\">Las lesiones derivadas de la pr\u00e1ctica deportiva estar\u00e1n cubiertas por el seguro del campus.<\/p>\n<p data-start=\"2208\" data-end=\"2377\">En caso de enfermedad com\u00fan (gripe, fiebre, etc.), la atenci\u00f3n se realizar\u00e1 a trav\u00e9s del sistema p\u00fablico de salud, por lo que es obligatorio llevar la tarjeta sanitaria.<\/p>\n<p data-start=\"2379\" data-end=\"2392\"><strong><\/strong><\/p>\n<p data-start=\"2379\" data-end=\"2392\"><strong><\/strong><\/p>\n<p data-start=\"2379\" data-end=\"2392\"><strong>Uso del m\u00f3vil<\/strong><\/p>\n<p data-start=\"2394\" data-end=\"2460\">El uso del tel\u00e9fono m\u00f3vil estar\u00e1 limitado a determinados horarios.<\/p>\n<p data-start=\"2462\" data-end=\"2698\">Para nosotros es importante que los chicos y chicas disfruten de la experiencia, convivan y aprovechen al m\u00e1ximo el campus sin distracciones. Queremos que sea una semana para hacer equipo, crear recuerdos y vivir el balonmano de verdad.<\/p>\n<p data-start=\"2462\" data-end=\"2698\">\n<p data-start=\"2462\" data-end=\"2698\"><strong>Contacto<\/strong><\/p>\n<p data-start=\"2700\" data-end=\"2809\">En cualquier caso, siempre se podr\u00e1 contactar con el campus a trav\u00e9s del Director T\u00e9cnico:<br \/>\ud83d\udcde 654 229 220 (Nano)<\/p>\n<hr data-start=\"2811\" data-end=\"2814\" \/>\n<p data-start=\"2816\" data-end=\"2874\">Muchas gracias por vuestro inter\u00e9s<\/p>\n<p>[\/et_pb_text][\/et_pb_column][\/et_pb_row][et_pb_row column_structure=\u00bb1_3,2_3&#8243; make_equal=\u00bbon\u00bb _builder_version=\u00bb4.20.0&#8243; _module_preset=\u00bbdefault\u00bb global_colors_info=\u00bb{}\u00bb][et_pb_column type=\u00bb1_3&#8243; _builder_version=\u00bb4.20.0&#8243; _module_preset=\u00bbdefault\u00bb global_colors_info=\u00bb{}\u00bb][et_pb_image src=\u00bbhttps:\/\/campusdavorcutura.com\/wp-content\/uploads\/2023\/06\/10370.jpeg\u00bb title_text=\u00bb10370&#8243; show_in_lightbox=\u00bbon\u00bb use_overlay=\u00bbon\u00bb overlay_icon_color=\u00bb#000000&#8243; hover_overlay_color=\u00bbRGBA(255,255,255,0)\u00bb hover_icon=\u00bb&#xf00e;||fa||900&#8243; _builder_version=\u00bb4.20.4&#8243; _module_preset=\u00bbdefault\u00bb background_color=\u00bbrgba(0,0,0,0.04)\u00bb custom_margin=\u00bb||||false|false\u00bb box_shadow_style=\u00bbpreset4&#8243; box_shadow_horizontal=\u00bb0px\u00bb box_shadow_vertical=\u00bb0px\u00bb box_shadow_color=\u00bbrgba(0,0,0,0.05)\u00bb locked=\u00bboff\u00bb global_colors_info=\u00bb{}\u00bb custom_padding__hover_enabled=\u00bboff|hover\u00bb custom_padding__hover=\u00bb50px|50px|50px|50px|true|true\u00bb box_shadow_vertical__hover_enabled=\u00bboff|hover\u00bb box_shadow_blur__hover_enabled=\u00bboff|hover\u00bb box_shadow_blur__hover=\u00bb0px\u00bb box_shadow_color__hover_enabled=\u00bboff|hover\u00bb box_shadow_color__hover=\u00bbrgba(0,0,0,0.3)\u00bb custom_margin__hover_enabled=\u00bboff|hover\u00bb custom_margin__hover=\u00bb||62px||false|false\u00bb transform_styles__hover_enabled=\u00bbon|hover\u00bb transform_scale__hover_enabled=\u00bbon|hover\u00bb transform_translate__hover_enabled=\u00bbon|desktop\u00bb transform_rotate__hover_enabled=\u00bbon|desktop\u00bb transform_skew__hover_enabled=\u00bbon|desktop\u00bb transform_origin__hover_enabled=\u00bbon|desktop\u00bb transform_scale__hover=\u00bb90%|90%\u00bb box_shadow_spread__hover_enabled=\u00bbon|hover\u00bb box_shadow_spread__hover=\u00bb30px\u00bb][\/et_pb_image][\/et_pb_column][et_pb_column type=\u00bb2_3&#8243; _builder_version=\u00bb4.20.0&#8243; _module_preset=\u00bbdefault\u00bb global_colors_info=\u00bb{}\u00bb][et_pb_image src=\u00bbhttps:\/\/campusdavorcutura.com\/wp-content\/uploads\/2023\/06\/292304898_714262162884339_1096870328061148490_n.jpeg\u00bb title_text=\u00bb292304898_714262162884339_1096870328061148490_n\u00bb show_in_lightbox=\u00bbon\u00bb use_overlay=\u00bbon\u00bb overlay_icon_color=\u00bb#000000&#8243; hover_overlay_color=\u00bbRGBA(255,255,255,0)\u00bb hover_icon=\u00bb&#xf00e;||fa||900&#8243; _builder_version=\u00bb4.20.4&#8243; _module_preset=\u00bbdefault\u00bb background_color=\u00bbrgba(0,0,0,0.04)\u00bb custom_margin=\u00bb||||false|false\u00bb box_shadow_style=\u00bbpreset4&#8243; box_shadow_horizontal=\u00bb0px\u00bb box_shadow_vertical=\u00bb0px\u00bb box_shadow_color=\u00bbrgba(0,0,0,0.05)\u00bb locked=\u00bboff\u00bb global_colors_info=\u00bb{}\u00bb custom_padding__hover_enabled=\u00bboff|hover\u00bb custom_padding__hover=\u00bb50px|50px|50px|50px|true|true\u00bb box_shadow_vertical__hover_enabled=\u00bboff|hover\u00bb box_shadow_blur__hover_enabled=\u00bboff|hover\u00bb box_shadow_blur__hover=\u00bb0px\u00bb box_shadow_color__hover_enabled=\u00bboff|hover\u00bb box_shadow_color__hover=\u00bbrgba(0,0,0,0.3)\u00bb custom_margin__hover_enabled=\u00bboff|hover\u00bb custom_margin__hover=\u00bb||62px||false|false\u00bb transform_styles__hover_enabled=\u00bbon|hover\u00bb transform_scale__hover_enabled=\u00bbon|hover\u00bb transform_translate__hover_enabled=\u00bbon|desktop\u00bb transform_rotate__hover_enabled=\u00bbon|desktop\u00bb transform_skew__hover_enabled=\u00bbon|desktop\u00bb transform_origin__hover_enabled=\u00bbon|desktop\u00bb transform_scale__hover=\u00bb90%|90%\u00bb box_shadow_spread__hover_enabled=\u00bbon|hover\u00bb box_shadow_spread__hover=\u00bb30px\u00bb][\/et_pb_image][\/et_pb_column][\/et_pb_row][et_pb_row _builder_version=\u00bb4.20.0&#8243; _module_preset=\u00bbdefault\u00bb custom_padding=\u00bb||0px|||\u00bb global_colors_info=\u00bb{}\u00bb][et_pb_column type=\u00bb4_4&#8243; _builder_version=\u00bb4.20.0&#8243; _module_preset=\u00bbdefault\u00bb global_colors_info=\u00bb{}\u00bb][et_pb_text _builder_version=\u00bb4.20.4&#8243; _module_preset=\u00bb0218d826-b16e-4515-990d-241a60f9573e\u00bb global_colors_info=\u00bb{}\u00bb][\/et_pb_text][\/et_pb_column][\/et_pb_row][et_pb_row _builder_version=\u00bb4.20.4&#8243; _module_preset=\u00bbdefault\u00bb global_colors_info=\u00bb{}\u00bb][et_pb_column type=\u00bb4_4&#8243; _builder_version=\u00bb4.20.4&#8243; _module_preset=\u00bbdefault\u00bb global_colors_info=\u00bb{}\u00bb][et_pb_gallery gallery_ids=\u00bb117,116,115,114,113,112,111,110,109,108,107,106,105,104,103,102,101,100,99,98,97,96,95,94,93,92,91,90,89,88,87,86,85&#8243; posts_number=\u00bb20&#8243; show_title_and_caption=\u00bboff\u00bb show_pagination=\u00bboff\u00bb _builder_version=\u00bb4.20.4&#8243; _module_preset=\u00bbdefault\u00bb hover_enabled=\u00bb0&#8243; global_colors_info=\u00bb{}\u00bb sticky_enabled=\u00bb0&#8243;][\/et_pb_gallery][\/et_pb_column][\/et_pb_row][et_pb_row _builder_version=\u00bb4.20.4&#8243; _module_preset=\u00bbdefault\u00bb global_colors_info=\u00bb{}\u00bb][et_pb_column type=\u00bb4_4&#8243; _builder_version=\u00bb4.20.4&#8243; _module_preset=\u00bbdefault\u00bb global_colors_info=\u00bb{}\u00bb][et_pb_video src=\u00bbhttps:\/\/youtu.be\/kNwHYN2YIMQ\u00bb _builder_version=\u00bb4.20.4&#8243; _module_preset=\u00bbdefault\u00bb global_colors_info=\u00bb{}\u00bb][\/et_pb_video][\/et_pb_column][\/et_pb_row][\/et_pb_section]<\/p>\n","protected":false},"excerpt":{"rendered":"<p>INFORMACI\u00d3N\u00a0 CAMPUS 2026\u00a0El campus cuenta con 70 plazas disponibles, que se asignar\u00e1n por orden de inscripci\u00f3n a trav\u00e9s de la web. Para reservar la plaza ser\u00e1 necesario realizar un primer pago de 200 \u20ac. Una vez realizado, la inscripci\u00f3n quedar\u00e1 confirmada. El importe restante se abonar\u00e1 posteriormente mediante transferencia, en funci\u00f3n de si se aplica [&hellip;]<\/p>\n","protected":false},"author":1,"featured_media":0,"parent":0,"menu_order":0,"comment_status":"closed","ping_status":"closed","template":"","meta":{"_et_pb_use_builder":"on","_et_pb_old_content":"","_et_gb_content_width":"","footnotes":""},"class_list":["post-51","page","type-page","status-publish","hentry"],"_links":{"self":[{"href":"https:\/\/campusdavorcutura.com\/index.php\/wp-json\/wp\/v2\/pages\/51","targetHints":{"allow":["GET"]}}],"collection":[{"href":"https:\/\/campusdavorcutura.com\/index.php\/wp-json\/wp\/v2\/pages"}],"about":[{"href":"https:\/\/campusdavorcutura.com\/index.php\/wp-json\/wp\/v2\/types\/page"}],"author":[{"embeddable":true,"href":"https:\/\/campusdavorcutura.com\/index.php\/wp-json\/wp\/v2\/users\/1"}],"replies":[{"embeddable":true,"href":"https:\/\/campusdavorcutura.com\/index.php\/wp-json\/wp\/v2\/comments?post=51"}],"version-history":[{"count":12,"href":"https:\/\/campusdavorcutura.com\/index.php\/wp-json\/wp\/v2\/pages\/51\/revisions"}],"predecessor-version":[{"id":442,"href":"https:\/\/campusdavorcutura.com\/index.php\/wp-json\/wp\/v2\/pages\/51\/revisions\/442"}],"wp:attachment":[{"href":"https:\/\/campusdavorcutura.com\/index.php\/wp-json\/wp\/v2\/media?parent=51"}],"curies":[{"name":"wp","href":"https:\/\/api.w.org\/{rel}","templated":true}]}}