{"id":60,"date":"2023-06-27T16:04:39","date_gmt":"2023-06-27T16:04:39","guid":{"rendered":"https:\/\/campusdavorcutura.com\/?page_id=60"},"modified":"2023-12-07T11:08:32","modified_gmt":"2023-12-07T11:08:32","slug":"nosotros","status":"publish","type":"page","link":"https:\/\/campusdavorcutura.com\/index.php\/nosotros\/","title":{"rendered":"Nosotros"},"content":{"rendered":"<p>[et_pb_section fb_built=\u00bb1&#8243; admin_label=\u00bbHero\u00bb _builder_version=\u00bb4.16&#8243; use_background_color_gradient=\u00bbon\u00bb background_color_gradient_direction=\u00bb90deg\u00bb background_color_gradient_stops=\u00bbrgba(240,242,246,0.5) 0%|rgba(255,255,255,0) 100%\u00bb background_color_gradient_start=\u00bbrgba(240,242,246,0.5)\u00bb background_color_gradient_end=\u00bbrgba(255,255,255,0)\u00bb custom_padding=\u00bb0|0px|0|0px|false|false\u00bb global_colors_info=\u00bb{}\u00bb][et_pb_row column_structure=\u00bb1_2,1_2&#8243; padding_top_bottom_link_1=\u00bbtrue\u00bb _builder_version=\u00bb4.16&#8243; custom_padding=\u00bb0|0px|0|0px|false|false\u00bb global_colors_info=\u00bb{}\u00bb][et_pb_column type=\u00bb1_2&#8243; _builder_version=\u00bb4.16&#8243; background_color_gradient_direction=\u00bb270deg\u00bb background_color_gradient_start=\u00bb#ffffff\u00bb background_color_gradient_end=\u00bbrgba(255,255,255,0.8)\u00bb custom_padding=\u00bb6vw||6vw|\u00bb custom_padding_tablet=\u00bb|5%||5%||true\u00bb custom_padding_phone=\u00bb|7%||7%||true\u00bb global_colors_info=\u00bb{}\u00bb padding_phone=\u00bb|7%||7%||true\u00bb padding_tablet=\u00bb|5%||5%||true\u00bb custom_padding__hover=\u00bb|||\u00bb][et_pb_text _builder_version=\u00bb4.20.4&#8243; text_font=\u00bb||||||||\u00bb text_font_size=\u00bb18px\u00bb text_line_height=\u00bb1.8em\u00bb header_font=\u00bbPlayfair Display|700|||||||\u00bb header_font_size=\u00bb70px\u00bb header_line_height=\u00bb1.5em\u00bb header_3_font=\u00bbLato|700||on|||||\u00bb header_3_text_color=\u00bb#3550a0&#8243; header_3_font_size=\u00bb20px\u00bb header_3_line_height=\u00bb1.5em\u00bb custom_margin=\u00bb|||\u00bb header_font_size_tablet=\u00bb50px\u00bb header_font_size_phone=\u00bb32px\u00bb header_font_size_last_edited=\u00bbon|tablet\u00bb header_3_font_size_tablet=\u00bb50px\u00bb header_3_font_size_phone=\u00bb32px\u00bb header_3_font_size_last_edited=\u00bboff|desktop\u00bb locked=\u00bboff\u00bb global_colors_info=\u00bb{}\u00bb]<\/p>\n<h1>Davor Cutura<\/h1>\n<p>&nbsp;<\/p>\n<p>[\/et_pb_text][et_pb_text _builder_version=\u00bb4.20.4&#8243; _module_preset=\u00bbdefault\u00bb global_colors_info=\u00bb{}\u00bb]<\/p>\n<p><em>Actualmente desarrolla la doble actividad de entrenador y jugador en las filas del SSV Brixen\u00a0y anteriormente en equipos como Limoges Hand 87, Chartres M\u00e9tropole Handball 28, Al Ahly de Qatar Benfica, Valladolid, Granollers, Arrate o Teucro, supone todo su salto cualitativo en el aprendizaje de los alumnos\/as, ya que este jugador ya sabe lo que es ser el m\u00e1ximo golead<\/em><em>or de la Liga ASOBAL y entre los maximos goleadores de Asobal de todos los tiempos. Todos los a\u00f1os se encuentra entre los mejor valorados en su puesto.<\/em><\/p>\n<p><em>Su vinculaci\u00f3n con el balonmano pontevedr\u00e9s y el cari\u00f1o que ha desarrollado por nuestra tierra, significan una ventaja a la hora de contar con \u00e9l para llevar a cabo este proyecto.<\/em><\/p>\n<p>[\/et_pb_text][et_pb_button button_text=\u00bbContacta\u00bb _builder_version=\u00bb4.20.4&#8243; custom_button=\u00bbon\u00bb button_text_size=\u00bb16px\u00bb button_text_color=\u00bb#ffffff\u00bb button_bg_color=\u00bb#707070&#8243; button_border_width=\u00bb10px\u00bb button_border_color=\u00bbrgba(210,159,104,0)\u00bb button_border_radius=\u00bb100px\u00bb button_font=\u00bbLato|900|||||||\u00bb button_use_icon=\u00bboff\u00bb button_bg_color_hover=\u00bb#4159a0&#8243; locked=\u00bboff\u00bb global_colors_info=\u00bb{}\u00bb button_text_size__hover_enabled=\u00bboff\u00bb button_one_text_size__hover_enabled=\u00bboff\u00bb button_two_text_size__hover_enabled=\u00bboff\u00bb button_text_color__hover_enabled=\u00bboff\u00bb button_one_text_color__hover_enabled=\u00bboff\u00bb button_two_text_color__hover_enabled=\u00bboff\u00bb button_border_width__hover_enabled=\u00bboff\u00bb button_one_border_width__hover_enabled=\u00bboff\u00bb button_two_border_width__hover_enabled=\u00bboff\u00bb button_border_color__hover_enabled=\u00bboff\u00bb button_one_border_color__hover_enabled=\u00bboff\u00bb button_two_border_color__hover_enabled=\u00bboff\u00bb button_border_radius__hover_enabled=\u00bboff\u00bb button_one_border_radius__hover_enabled=\u00bboff\u00bb button_two_border_radius__hover_enabled=\u00bboff\u00bb button_letter_spacing__hover_enabled=\u00bboff\u00bb button_one_letter_spacing__hover_enabled=\u00bboff\u00bb button_two_letter_spacing__hover_enabled=\u00bboff\u00bb button_bg_color__hover_enabled=\u00bbon\u00bb button_bg_color__hover=\u00bb#4159a0&#8243; button_one_bg_color__hover_enabled=\u00bboff\u00bb button_two_bg_color__hover_enabled=\u00bboff\u00bb]<\/p>\n<h1>About Anthony<\/h1>\n<h3>Business CoacH<\/h3>\n<p>Lorem ipsum dolor sit amet, consectetur adipiscing elit, sed do eiusmod tempor incididunt ut labore et dolore magna aliqua. Ut enim ad minim veniam. Lorem ipsum dolor sit amet, cons<\/p>\n<p>[\/et_pb_button][\/et_pb_column][et_pb_column type=\u00bb1_2&#8243; _builder_version=\u00bb4.16&#8243; background_color_gradient_start=\u00bb#3550a0&#8243; background_color_gradient_start_position=\u00bb25%\u00bb background_color_gradient_end=\u00bbrgba(240,242,246,0)\u00bb background_color_gradient_end_position=\u00bb25%\u00bb custom_padding=\u00bb|||\u00bb custom_padding_tablet=\u00bb|0px||0px|false|true\u00bb global_colors_info=\u00bb{}\u00bb padding_tablet=\u00bb|0px||0px|false|true\u00bb custom_padding__hover=\u00bb|||\u00bb][et_pb_image src=\u00bbhttps:\/\/campusdavorcutura.com\/wp-content\/uploads\/2023\/12\/IMG_4841-scaled.jpg\u00bb title_text=\u00bbIMG_4841&#8243; align_tablet=\u00bbcenter\u00bb align_phone=\u00bbcenter\u00bb align_last_edited=\u00bbon|desktop\u00bb _builder_version=\u00bb4.20.4&#8243; max_width_last_edited=\u00bboff|desktop\u00bb custom_padding=\u00bb|||60px\u00bb animation_style=\u00bbslide\u00bb animation_direction=\u00bbtop\u00bb animation_intensity_slide=\u00bb1%\u00bb hover_enabled=\u00bb0&#8243; box_shadow_style=\u00bbpreset4&#8243; box_shadow_horizontal=\u00bb120px\u00bb box_shadow_vertical=\u00bb120px\u00bb box_shadow_spread=\u00bb-60px\u00bb box_shadow_color=\u00bb#f0f2f6&#8243; global_colors_info=\u00bb{}\u00bb sticky_enabled=\u00bb0&#8243;][\/et_pb_image][\/et_pb_column][\/et_pb_row][\/et_pb_section]<\/p>\n","protected":false},"excerpt":{"rendered":"<p>Davor Cutura &nbsp;Actualmente desarrolla la doble actividad de entrenador y jugador en las filas del SSV Brixen\u00a0y anteriormente en equipos como Limoges Hand 87, Chartres M\u00e9tropole Handball 28, Al Ahly de Qatar Benfica, Valladolid, Granollers, Arrate o Teucro, supone todo su salto cualitativo en el aprendizaje de los alumnos\/as, ya que este jugador ya sabe [&hellip;]<\/p>\n","protected":false},"author":1,"featured_media":0,"parent":0,"menu_order":0,"comment_status":"closed","ping_status":"closed","template":"","meta":{"_et_pb_use_builder":"on","_et_pb_old_content":"","_et_gb_content_width":"","footnotes":""},"class_list":["post-60","page","type-page","status-publish","hentry"],"_links":{"self":[{"href":"https:\/\/campusdavorcutura.com\/index.php\/wp-json\/wp\/v2\/pages\/60","targetHints":{"allow":["GET"]}}],"collection":[{"href":"https:\/\/campusdavorcutura.com\/index.php\/wp-json\/wp\/v2\/pages"}],"about":[{"href":"https:\/\/campusdavorcutura.com\/index.php\/wp-json\/wp\/v2\/types\/page"}],"author":[{"embeddable":true,"href":"https:\/\/campusdavorcutura.com\/index.php\/wp-json\/wp\/v2\/users\/1"}],"replies":[{"embeddable":true,"href":"https:\/\/campusdavorcutura.com\/index.php\/wp-json\/wp\/v2\/comments?post=60"}],"version-history":[{"count":4,"href":"https:\/\/campusdavorcutura.com\/index.php\/wp-json\/wp\/v2\/pages\/60\/revisions"}],"predecessor-version":[{"id":121,"href":"https:\/\/campusdavorcutura.com\/index.php\/wp-json\/wp\/v2\/pages\/60\/revisions\/121"}],"wp:attachment":[{"href":"https:\/\/campusdavorcutura.com\/index.php\/wp-json\/wp\/v2\/media?parent=60"}],"curies":[{"name":"wp","href":"https:\/\/api.w.org\/{rel}","templated":true}]}}